{"id":38,"date":"2021-05-06T10:42:58","date_gmt":"2021-05-06T08:42:58","guid":{"rendered":"https:\/\/lanczkowscy.pl\/?page_id=38"},"modified":"2021-05-10T10:35:24","modified_gmt":"2021-05-10T08:35:24","slug":"okolica","status":"publish","type":"page","link":"https:\/\/lanczkowscy.pl\/index.php\/okolica\/","title":{"rendered":"Okolica"},"content":{"rendered":"[et_pb_section fb_built=&#8221;1&#8243; admin_label=&#8221;section&#8221; _builder_version=&#8221;3.22&#8243;][et_pb_row admin_label=&#8221;row&#8221; _builder_version=&#8221;3.25&#8243; background_size=&#8221;initial&#8221; background_position=&#8221;top_left&#8221; background_repeat=&#8221;repeat&#8221;][et_pb_column type=&#8221;4_4&#8243; _builder_version=&#8221;3.25&#8243; custom_padding=&#8221;|||&#8221; custom_padding__hover=&#8221;|||&#8221;][et_pb_text admin_label=&#8221;Text&#8221; _builder_version=&#8221;3.27.4&#8243; background_size=&#8221;initial&#8221; background_position=&#8221;top_left&#8221; background_repeat=&#8221;repeat&#8221; custom_margin=&#8221;-54px|||||&#8221;][\/et_pb_text][\/et_pb_column][\/et_pb_row][et_pb_row _builder_version=&#8221;4.9.4&#8243; _module_preset=&#8221;default&#8221; column_structure=&#8221;2_5,3_5&#8243; custom_margin=&#8221;-69px|auto||auto||&#8221;][et_pb_column _builder_version=&#8221;4.9.4&#8243; _module_preset=&#8221;default&#8221; type=&#8221;2_5&#8243;][et_pb_image src=&#8221;https:\/\/lanczkowscy.pl\/wp-content\/uploads\/2021\/05\/wigierski-park-narodowy-rzeka.jpg&#8221; _builder_version=&#8221;4.9.4&#8243; _module_preset=&#8221;default&#8221; title_text=&#8221;wigierski-park-narodowy-rzeka&#8221; hover_enabled=&#8221;0&#8243; sticky_enabled=&#8221;0&#8243;][\/et_pb_image][et_pb_image src=&#8221;https:\/\/lanczkowscy.pl\/wp-content\/uploads\/2021\/05\/mosty-w-stanczykach-1.jpg&#8221; _builder_version=&#8221;4.9.4&#8243; _module_preset=&#8221;default&#8221; title_text=&#8221;mosty-w-stanczykach&#8221; hover_enabled=&#8221;0&#8243; sticky_enabled=&#8221;0&#8243;][\/et_pb_image][et_pb_image src=&#8221;https:\/\/lanczkowscy.pl\/wp-content\/uploads\/2021\/05\/hh.jpg&#8221; _builder_version=&#8221;4.9.4&#8243; _module_preset=&#8221;default&#8221; title_text=&#8221;hh&#8221; hover_enabled=&#8221;0&#8243; sticky_enabled=&#8221;0&#8243;][\/et_pb_image][et_pb_image src=&#8221;https:\/\/lanczkowscy.pl\/wp-content\/uploads\/2021\/05\/11262391_369388606586611_433196753613019412_o.jpg&#8221; _builder_version=&#8221;4.9.4&#8243; _module_preset=&#8221;default&#8221; title_text=&#8221;11262391_369388606586611_433196753613019412_o&#8221; hover_enabled=&#8221;0&#8243; sticky_enabled=&#8221;0&#8243;][\/et_pb_image][\/et_pb_column][et_pb_column _builder_version=&#8221;4.9.4&#8243; _module_preset=&#8221;default&#8221; type=&#8221;3_5&#8243;][et_pb_text _builder_version=&#8221;4.9.4&#8243; _module_preset=&#8221;default&#8221; hover_enabled=&#8221;0&#8243; sticky_enabled=&#8221;0&#8243;]<h2><strong>Okolica:<\/strong><\/h2>\n<p>&#8211; Jezioro Ha\u0144cza<\/p>\n<p>-Sta\u0144czyki<\/p>\n<p>-G\u0142azowisko w \u0141opuchowie (rezerwat)<br \/>&#8211; Tr\u00f3jstyk<\/p>\n<p>&#8211; Kana\u0142 Augustowski<\/p>\n<p>&#8211; Jezioro Wigry<\/p>\n<p>&#8211; Dowspuda<\/p>\n<p>&#8211; Smolniki<\/p>\n<p>&#8211; Wigierski Park Narodowy<\/p>\n<p>&#8211; Uroczysko \u015awi\u0119te Miejsce<\/p>\n<p>&#8211; G\u00f3ra Cisowa<\/p>\n<p>&#8211; Sejny<\/p>\n<p>&#8211; August\u00f3w<\/p>\n<p>&#8211; Studzieniczna<\/p>\n<p>&#8211; Klasztor Kamedu\u0142\u00f3w nad j.Wigry<\/p>\n<p>&#8211; Wodzi\u0142ki<\/p>\n<p>&#8211; Izba Regionalna-Skansen w Zelwie<\/p>\n<p>&#8211; Cmentarzysko Ja\u0107wing\u00f3w<\/p>\n<p>&#8211; G\u0142azowisko Bachanowo nad Czarn\u0105 Ha\u0144cz\u0105<\/p>\n<p>&#8211; Suwalski Park Krajobrazowy<\/p>\n<p>&#8211; Suwa\u0142ki<\/p>\n<p>&#8211; G\u00f3ra Zamkowa<\/p>\n<p>&#8211; Pu\u0144sk<\/p>\n<p>&#8211; Litwa<\/p>[\/et_pb_text][\/et_pb_column][\/et_pb_row][\/et_pb_section]","protected":false},"excerpt":{"rendered":"<p>[et_pb_section fb_built=&#8221;1&#8243; admin_label=&#8221;section&#8221; _builder_version=&#8221;3.22&#8243;][et_pb_row admin_label=&#8221;row&#8221; _builder_version=&#8221;3.25&#8243; background_size=&#8221;initial&#8221; background_position=&#8221;top_left&#8221; background_repeat=&#8221;repeat&#8221;][et_pb_column type=&#8221;4_4&#8243; _builder_version=&#8221;3.25&#8243; custom_padding=&#8221;|||&#8221; custom_padding__hover=&#8221;|||&#8221;][et_pb_text admin_label=&#8221;Text&#8221; _builder_version=&#8221;3.27.4&#8243; background_size=&#8221;initial&#8221; background_position=&#8221;top_left&#8221; background_repeat=&#8221;repeat&#8221; custom_margin=&#8221;-54px|||||&#8221;][\/et_pb_text][\/et_pb_column][\/et_pb_row][et_pb_row _builder_version=&#8221;4.9.4&#8243; _module_preset=&#8221;default&#8221; column_structure=&#8221;2_5,3_5&#8243; custom_margin=&#8221;-69px|auto||auto||&#8221;][et_pb_column _builder_version=&#8221;4.9.4&#8243; _module_preset=&#8221;default&#8221; type=&#8221;2_5&#8243;][et_pb_image src=&#8221;https:\/\/lanczkowscy.pl\/wp-content\/uploads\/2021\/05\/wigierski-park-narodowy-rzeka.jpg&#8221; _builder_version=&#8221;4.9.4&#8243; _module_preset=&#8221;default&#8221; title_text=&#8221;wigierski-park-narodowy-rzeka&#8221; hover_enabled=&#8221;0&#8243; sticky_enabled=&#8221;0&#8243;][\/et_pb_image][et_pb_image src=&#8221;https:\/\/lanczkowscy.pl\/wp-content\/uploads\/2021\/05\/mosty-w-stanczykach-1.jpg&#8221; _builder_version=&#8221;4.9.4&#8243; _module_preset=&#8221;default&#8221; title_text=&#8221;mosty-w-stanczykach&#8221; hover_enabled=&#8221;0&#8243; sticky_enabled=&#8221;0&#8243;][\/et_pb_image][et_pb_image src=&#8221;https:\/\/lanczkowscy.pl\/wp-content\/uploads\/2021\/05\/hh.jpg&#8221; _builder_version=&#8221;4.9.4&#8243; _module_preset=&#8221;default&#8221; title_text=&#8221;hh&#8221; hover_enabled=&#8221;0&#8243; sticky_enabled=&#8221;0&#8243;][\/et_pb_image][et_pb_image src=&#8221;https:\/\/lanczkowscy.pl\/wp-content\/uploads\/2021\/05\/11262391_369388606586611_433196753613019412_o.jpg&#8221; _builder_version=&#8221;4.9.4&#8243; _module_preset=&#8221;default&#8221; title_text=&#8221;11262391_369388606586611_433196753613019412_o&#8221; hover_enabled=&#8221;0&#8243; sticky_enabled=&#8221;0&#8243;][\/et_pb_image][\/et_pb_column][et_pb_column _builder_version=&#8221;4.9.4&#8243; _module_preset=&#8221;default&#8221; type=&#8221;3_5&#8243;][et_pb_text _builder_version=&#8221;4.9.4&#8243; _module_preset=&#8221;default&#8221; [&hellip;]<\/p>\n","protected":false},"author":1,"featured_media":0,"parent":0,"menu_order":0,"comment_status":"closed","ping_status":"closed","template":"","meta":{"_et_pb_use_builder":"on","_et_pb_old_content":"<!-- wp:divi\/placeholder \/-->","_et_gb_content_width":"","footnotes":""},"class_list":["post-38","page","type-page","status-publish","hentry"],"_links":{"self":[{"href":"https:\/\/lanczkowscy.pl\/index.php\/wp-json\/wp\/v2\/pages\/38","targetHints":{"allow":["GET"]}}],"collection":[{"href":"https:\/\/lanczkowscy.pl\/index.php\/wp-json\/wp\/v2\/pages"}],"about":[{"href":"https:\/\/lanczkowscy.pl\/index.php\/wp-json\/wp\/v2\/types\/page"}],"author":[{"embeddable":true,"href":"https:\/\/lanczkowscy.pl\/index.php\/wp-json\/wp\/v2\/users\/1"}],"replies":[{"embeddable":true,"href":"https:\/\/lanczkowscy.pl\/index.php\/wp-json\/wp\/v2\/comments?post=38"}],"version-history":[{"count":3,"href":"https:\/\/lanczkowscy.pl\/index.php\/wp-json\/wp\/v2\/pages\/38\/revisions"}],"predecessor-version":[{"id":149,"href":"https:\/\/lanczkowscy.pl\/index.php\/wp-json\/wp\/v2\/pages\/38\/revisions\/149"}],"wp:attachment":[{"href":"https:\/\/lanczkowscy.pl\/index.php\/wp-json\/wp\/v2\/media?parent=38"}],"curies":[{"name":"wp","href":"https:\/\/api.w.org\/{rel}","templated":true}]}}