{"id":34,"date":"2021-05-06T10:42:30","date_gmt":"2021-05-06T08:42:30","guid":{"rendered":"https:\/\/lanczkowscy.pl\/?page_id=34"},"modified":"2021-05-11T09:35:29","modified_gmt":"2021-05-11T07:35:29","slug":"o-nas","status":"publish","type":"page","link":"https:\/\/lanczkowscy.pl\/index.php\/o-nas\/","title":{"rendered":"O nas"},"content":{"rendered":"<p>[et_pb_section fb_built=&#8221;1&#8243; admin_label=&#8221;Features&#8221; _builder_version=&#8221;3.22&#8243; custom_padding=&#8221;||9px|||&#8221; custom_width_px__hover=&#8221;1080px&#8221; custom_width_px__hover_enabled=&#8221;1080px&#8221; custom_width_percent__hover=&#8221;80%&#8221; custom_width_percent__hover_enabled=&#8221;80%&#8221; parallax_1__hover=&#8221;off&#8221; parallax_1__hover_enabled=&#8221;off&#8221; parallax_2__hover=&#8221;off&#8221; parallax_2__hover_enabled=&#8221;off&#8221; parallax_3__hover=&#8221;off&#8221; parallax_3__hover_enabled=&#8221;off&#8221; parallax_method_1__hover=&#8221;on&#8221; parallax_method_1__hover_enabled=&#8221;on&#8221; parallax_method_2__hover=&#8221;on&#8221; parallax_method_2__hover_enabled=&#8221;on&#8221; parallax_method_3__hover=&#8221;on&#8221; parallax_method_3__hover_enabled=&#8221;on&#8221; use_background_color_gradient__hover=&#8221;off&#8221; use_background_color_gradient__hover_enabled=&#8221;off&#8221; background_color_gradient_start__hover=&#8221;#2b87da&#8221; background_color_gradient_start__hover_enabled=&#8221;#2b87da&#8221; background_color_gradient_end__hover=&#8221;#29c4a9&#8243; background_color_gradient_end__hover_enabled=&#8221;#29c4a9&#8243; background_color_gradient_type__hover=&#8221;linear&#8221; background_color_gradient_type__hover_enabled=&#8221;linear&#8221; background_color_gradient_direction__hover=&#8221;180deg&#8221; background_color_gradient_direction__hover_enabled=&#8221;180deg&#8221; background_color_gradient_direction_radial__hover=&#8221;center&#8221; background_color_gradient_direction_radial__hover_enabled=&#8221;center&#8221; background_color_gradient_start_position__hover=&#8221;0%&#8221; background_color_gradient_start_position__hover_enabled=&#8221;0%&#8221; background_color_gradient_end_position__hover=&#8221;100%&#8221; background_color_gradient_end_position__hover_enabled=&#8221;100%&#8221; background_color_gradient_overlays_image__hover=&#8221;off&#8221; background_color_gradient_overlays_image__hover_enabled=&#8221;off&#8221; parallax__hover=&#8221;off&#8221; parallax__hover_enabled=&#8221;off&#8221; parallax_method__hover=&#8221;on&#8221; parallax_method__hover_enabled=&#8221;on&#8221; background_size__hover=&#8221;cover&#8221; background_size__hover_enabled=&#8221;cover&#8221; background_position__hover=&#8221;center&#8221; background_position__hover_enabled=&#8221;center&#8221; background_repeat__hover=&#8221;no-repeat&#8221; background_repeat__hover_enabled=&#8221;no-repeat&#8221; background_blend__hover=&#8221;normal&#8221; background_blend__hover_enabled=&#8221;normal&#8221; allow_player_pause__hover=&#8221;off&#8221; allow_player_pause__hover_enabled=&#8221;off&#8221; background_video_pause_outside_viewport__hover=&#8221;on&#8221; background_video_pause_outside_viewport__hover_enabled=&#8221;on&#8221; inner_shadow__hover=&#8221;off&#8221; inner_shadow__hover_enabled=&#8221;off&#8221; make_fullwidth__hover=&#8221;off&#8221; make_fullwidth__hover_enabled=&#8221;off&#8221; use_custom_width__hover=&#8221;off&#8221; use_custom_width__hover_enabled=&#8221;off&#8221; width_unit__hover=&#8221;on&#8221; width_unit__hover_enabled=&#8221;on&#8221; make_equal__hover=&#8221;off&#8221; make_equal__hover_enabled=&#8221;off&#8221; use_custom_gutter__hover=&#8221;off&#8221; use_custom_gutter__hover_enabled=&#8221;off&#8221; gutter_width__hover=&#8221;3&#8243; gutter_width__hover_enabled=&#8221;3&#8243; border_radii__hover=&#8221;on||||&#8221; border_radii__hover_enabled=&#8221;on||||&#8221; box_shadow_style__hover=&#8221;none&#8221; box_shadow_style__hover_enabled=&#8221;none&#8221; box_shadow_color__hover=&#8221;rgba(0,0,0,0.3)&#8221; box_shadow_color__hover_enabled=&#8221;rgba(0,0,0,0.3)&#8221; max_width__hover=&#8221;100%&#8221; max_width__hover_enabled=&#8221;100%&#8221; filter_hue_rotate__hover=&#8221;0deg&#8221; filter_hue_rotate__hover_enabled=&#8221;0deg&#8221; filter_saturate__hover=&#8221;100%&#8221; filter_saturate__hover_enabled=&#8221;100%&#8221; filter_brightness__hover=&#8221;100%&#8221; filter_brightness__hover_enabled=&#8221;100%&#8221; filter_contrast__hover=&#8221;100%&#8221; filter_contrast__hover_enabled=&#8221;100%&#8221; filter_invert__hover=&#8221;0%&#8221; filter_invert__hover_enabled=&#8221;0%&#8221; filter_sepia__hover=&#8221;0%&#8221; filter_sepia__hover_enabled=&#8221;0%&#8221; filter_opacity__hover=&#8221;100%&#8221; filter_opacity__hover_enabled=&#8221;100%&#8221; filter_blur__hover=&#8221;0px&#8221; filter_blur__hover_enabled=&#8221;0px&#8221; mix_blend_mode__hover=&#8221;normal&#8221; mix_blend_mode__hover_enabled=&#8221;normal&#8221; animation_style__hover=&#8221;none&#8221; animation_style__hover_enabled=&#8221;none&#8221; animation_repeat__hover=&#8221;once&#8221; animation_repeat__hover_enabled=&#8221;once&#8221; animation_direction__hover=&#8221;center&#8221; animation_direction__hover_enabled=&#8221;center&#8221; animation_duration__hover=&#8221;1000ms&#8221; animation_duration__hover_enabled=&#8221;1000ms&#8221; animation_delay__hover=&#8221;0ms&#8221; animation_delay__hover_enabled=&#8221;0ms&#8221; animation_intensity_slide__hover=&#8221;50%&#8221; animation_intensity_slide__hover_enabled=&#8221;50%&#8221; animation_intensity_zoom__hover=&#8221;50%&#8221; animation_intensity_zoom__hover_enabled=&#8221;50%&#8221; animation_intensity_flip__hover=&#8221;50%&#8221; animation_intensity_flip__hover_enabled=&#8221;50%&#8221; animation_intensity_fold__hover=&#8221;50%&#8221; animation_intensity_fold__hover_enabled=&#8221;50%&#8221; animation_intensity_roll__hover=&#8221;50%&#8221; animation_intensity_roll__hover_enabled=&#8221;50%&#8221; animation_starting_opacity__hover=&#8221;0%&#8221; animation_starting_opacity__hover_enabled=&#8221;0%&#8221; animation_speed_curve__hover=&#8221;ease-in-out&#8221; animation_speed_curve__hover_enabled=&#8221;ease-in-out&#8221; hover_transition_duration__hover=&#8221;300ms&#8221; hover_transition_duration__hover_enabled=&#8221;300ms&#8221; hover_transition_delay__hover=&#8221;0ms&#8221; hover_transition_delay__hover_enabled=&#8221;0ms&#8221; hover_transition_speed_curve__hover=&#8221;ease&#8221; hover_transition_speed_curve__hover_enabled=&#8221;ease&#8221;][et_pb_row _builder_version=&#8221;3.25&#8243;][et_pb_column type=&#8221;4_4&#8243; _builder_version=&#8221;3.25&#8243; custom_padding=&#8221;|||&#8221; custom_padding__hover=&#8221;|||&#8221;][et_pb_text _builder_version=&#8221;4.9.4&#8243; text_font=&#8221;||||||||&#8221; header_font=&#8221;||||||||&#8221; header_2_font=&#8221;Oswald|500||on|on|||#81c100|&#8221; header_2_font_size=&#8221;38px&#8221; header_2_line_height=&#8221;1.6em&#8221; text_orientation=&#8221;center&#8221; header_2_font_size_tablet=&#8221;32px&#8221; header_2_font_size_phone=&#8221;24px&#8221; header_2_font_size_last_edited=&#8221;on|tablet&#8221; locked=&#8221;off&#8221;]<\/p>\n<h2>Maria i Antoni \u0141anczkowscy serdecznie zapraszaj\u0105 do swojego gospodarstwa agroturystycznego<\/h2>\n<p>[\/et_pb_text][\/et_pb_column][\/et_pb_row][et_pb_row _builder_version=&#8221;4.9.4&#8243; _module_preset=&#8221;default&#8221;][et_pb_column type=&#8221;4_4&#8243; _builder_version=&#8221;4.9.4&#8243; _module_preset=&#8221;default&#8221;][et_pb_text _builder_version=&#8221;4.9.4&#8243; _module_preset=&#8221;default&#8221; text_font_size=&#8221;16px&#8221; custom_margin=&#8221;||53px|||&#8221; hover_enabled=&#8221;0&#8243; sticky_enabled=&#8221;0&#8243;]<\/p>\n<blockquote>\n<p>Nasze gospodarstwo agroturystyczne po\u0142o\u017cone jest w malowniczej, spokojnej okolicy, w otulinie Suwalskiego Parku Krajobrazowego na obrze\u017cach znanej turystycznej osady Wi\u017cajny.<\/p>\n<p>&nbsp;<\/p>\n<p>Gospodarstwo znajduje si\u0119 zabudowie kolonijnej, nasi s\u0105siedzi mieszkaj\u0105 daleko. Nas otaczaj\u0105 kwieciste, zielone pag\u00f3rki, pi\u0119kne stawy z pomostem do pla\u017cowania i w\u0119dkowania, oraz sad posadzony jeszcze przez naszych rodzic\u00f3w. Widok z okien przedstawia malowniczy pejza\u017c polodowcowych pag\u00f3rk\u00f3w i jezior. Na horyzoncie w kierunku p\u00f3\u0142nocnym oczom ukazuj\u0105 si\u0119 ci\u0105gn\u0105ce si\u0119 w niesko\u0144czono\u015b\u0107 lasy litewskie.<\/p>\n<p>&nbsp;<\/p>\n<p>Wok\u00f3\u0142 naszego domu jest nie tylko bardzo du\u017co zieleni, ale r\u00f3wnie\u017c otwarta przestrze\u0144 z miejscem na wypoczynek i relaks, plac zabaw dla dzieci, miejsce na ognisko oraz sprz\u0119t do grilowania. Pi\u0119knie urz\u0105dzona sauna zlokalizowana w wolno stoj\u0105cym drewnianym domku ma bezpo\u015brednie zej\u015bcie do jeziora.<\/p>\n<p>&nbsp;<\/p>\n<p>Nasze wielopokoleniowe gospodarstwo jest ekologiczne z pe\u0142n\u0105 produkcj\u0105 ro\u015blinn\u0105 i zwierz\u0119c\u0105. Oferujemy turystom ca\u0142odzienne wy\u017cywienie i produkty z naszego ekologicznego gospodarstwa, polecamy r\u00f3\u017cne rodzaje ser\u00f3w, wyroby z dziczyzny, wiejski chleb oraz kartacze z mi\u0119sem z kt\u00f3rych s\u0142ynie nasz region.<\/p>\n<p>Gospodarz jest pasjonatem w\u0119dkarstwa i my\u015blistwa, ch\u0119tnie proponuje naszym go\u015bciom wsp\u00f3lne polowania oraz w\u0119dkowanie, na naszym jeziorze udost\u0119pniamy go\u015bciom trzy \u0142odzie wios\u0142owe. Latem oferujemy przeja\u017cd\u017cki bryczk\u0105 po okolicy, zim\u0105 atrakcj\u0105 jest kulig.<\/p>\n<p>&nbsp;<\/p>\n<p>Nasza kwatera stanowi doskona\u0142\u0105 baz\u0119 wypadow\u0105 do wycieczek po Suwalszczy\u017anie i na Litw\u0119 (Wilno, Kowno, Zamek w Trokach i inne).<\/p>\n<p>&nbsp;<\/p>\n<p>Odpoczynek znajdzie tu ka\u017cdy, kto szuka ciszy i wytchnienia, a tak\u017ce bardzo go\u015bcinnych i serdecznych gospodarzy. Nasze gospodarstwo jest wyj\u0105tkowe, dlatego warto do nas przyjecha\u0107 i przekona\u0107 si\u0119 jak mi\u0142o mo\u017cna u nas sp\u0119dzi\u0107 czas.<\/p>\n<p>&nbsp;<\/p>\n<p><strong>Serdecznie zapraszamy przez ca\u0142y rok! Oferujemy turystom atrakcyjne warunki wypoczynku i relaksu o ka\u017cdej porze roku!<\/strong><\/p>\n<\/blockquote>\n<p>[\/et_pb_text][\/et_pb_column][\/et_pb_row][\/et_pb_section][et_pb_section fb_built=&#8221;1&#8243; next_background_color=&#8221;#ffffff&#8221; admin_label=&#8221;About&#8221; _builder_version=&#8221;3.22&#8243; use_background_color_gradient=&#8221;on&#8221; background_color_gradient_start=&#8221;#ffffff&#8221; background_color_gradient_end=&#8221;#f2f2f2&#8243; min_height=&#8221;848.5px&#8221; custom_margin=&#8221;-93px|||||&#8221; custom_padding=&#8221;1px||161px|||&#8221; bottom_divider_style=&#8221;wave&#8221; bottom_divider_height=&#8221;100%&#8221; bottom_divider_repeat=&#8221;0.7x&#8221; bottom_divider_flip=&#8221;horizontal|vertical&#8221; bottom_divider_height_tablet=&#8221;30vw&#8221; bottom_divider_height_phone=&#8221;30vw&#8221; bottom_divider_height_last_edited=&#8221;on|phone&#8221;][et_pb_row column_structure=&#8221;1_2,1_2&#8243; _builder_version=&#8221;3.25&#8243;][et_pb_column type=&#8221;1_2&#8243; _builder_version=&#8221;3.25&#8243; custom_padding=&#8221;|||&#8221; custom_padding__hover=&#8221;|||&#8221;][et_pb_image src=&#8221;https:\/\/lanczkowscy.pl\/wp-content\/uploads\/2021\/05\/12901403_460864634105674_6732264288509585718_o-1.jpg&#8221; title_text=&#8221;12901403_460864634105674_6732264288509585718_o&#8221; align_tablet=&#8221;center&#8221; align_phone=&#8221;&#8221; align_last_edited=&#8221;on|desktop&#8221; _builder_version=&#8221;4.9.4&#8243; custom_margin=&#8221;||-10vw&#8221; custom_margin_tablet=&#8221;||0vw|&#8221; custom_margin_phone=&#8221;&#8221; custom_margin_last_edited=&#8221;on|tablet&#8221; box_shadow_style=&#8221;preset3&#8243; box_shadow_vertical=&#8221;45px&#8221; box_shadow_blur=&#8221;130px&#8221; box_shadow_spread=&#8221;-20px&#8221; box_shadow_color=&#8221;rgba(0,0,0,0.25)&#8221;][\/et_pb_image][\/et_pb_column][et_pb_column type=&#8221;1_2&#8243; _builder_version=&#8221;3.25&#8243; custom_padding=&#8221;|||&#8221; custom_padding__hover=&#8221;|||&#8221;][et_pb_text _builder_version=&#8221;4.9.4&#8243; header_font=&#8221;||||||||&#8221; header_2_font=&#8221;Oswald|500||on|on|||#81c100|&#8221; header_2_font_size=&#8221;48px&#8221; header_2_line_height=&#8221;1.6em&#8221; header_2_font_size_tablet=&#8221;32px&#8221; header_2_font_size_phone=&#8221;24px&#8221; header_2_font_size_last_edited=&#8221;on|tablet&#8221;]<\/p>\n<h2>Dla go\u015bci przygotowali\u015bmy:<\/h2>\n<div class=\"et_pb_module et_pb_text et_pb_text_3  et_pb_text_align_left et_pb_bg_layout_light\" wfd-id=\"44\">\n<div class=\"et_pb_text_inner\" wfd-id=\"45\">\n<p>Samodzielny nowy dom<\/p>\n<p>5 pokoi dwu osobowych z mo\u017cliwo\u015bci\u0105 dostawki. Ka\u017cdy z \u0142azienk\u0105<\/p>\n<p>Dwa aneksy kuchenne i salon<\/p>\n<p>\u015awietlic\u0119 z telewizorem i sprz\u0119tem audio.<\/p>\n<\/div>\n<\/div>\n<p>[\/et_pb_text][et_pb_text _builder_version=&#8221;4.9.4&#8243; _module_preset=&#8221;default&#8221;]<\/p>\n<p style=\"text-align: center;\"><b><span style=\"line-height: 150%; color: red; font-size: 28px; font-family: Arimo, Arial, 'Arial Unicode MS', Helvetica, sans-serif;\" wfd-id=\"12\"><\/span><\/b><\/p>\n<p style=\"text-align: center;\"><b><span style=\"line-height: 150%; color: red; font-size: 28px; font-family: Arimo, Arial, 'Arial Unicode MS', Helvetica, sans-serif;\" wfd-id=\"12\">W celu rezerwacji b\u0105d\u017a uzyskania szerszych informacji <\/span><\/b><\/p>\n<p style=\"text-align: center;\"><b><span style=\"line-height: 150%; color: red; font-size: 28px; font-family: Arimo, Arial, 'Arial Unicode MS', Helvetica, sans-serif;\" wfd-id=\"12\">prosimyo kontakt telefoniczny.<br \/><\/span><\/b><\/p>\n<p style=\"text-align: center;\"><b><span style=\"line-height: 150%; color: red; font-size: 28px; font-family: Arimo, Arial, 'Arial Unicode MS', Helvetica, sans-serif;\" wfd-id=\"12\">tel. 664-503-155; 87 56-88-105<\/span><\/b><\/p>\n<p>[\/et_pb_text][\/et_pb_column][\/et_pb_row][\/et_pb_section][et_pb_section fb_built=&#8221;1&#8243; _builder_version=&#8221;4.9.4&#8243; _module_preset=&#8221;default&#8221; custom_padding=&#8221;0px|||||&#8221;][et_pb_row column_structure=&#8221;1_3,1_3,1_3&#8243; _builder_version=&#8221;4.9.4&#8243; _module_preset=&#8221;default&#8221;][et_pb_column type=&#8221;1_3&#8243; _builder_version=&#8221;4.9.4&#8243; _module_preset=&#8221;default&#8221;][et_pb_image src=&#8221;https:\/\/lanczkowscy.pl\/wp-content\/uploads\/2021\/05\/177973109_856409571911178_403536557289679622_n.jpg&#8221; title_text=&#8221;177973109_856409571911178_403536557289679622_n&#8221; _builder_version=&#8221;4.9.4&#8243; _module_preset=&#8221;default&#8221;][\/et_pb_image][et_pb_image src=&#8221;https:\/\/lanczkowscy.pl\/wp-content\/uploads\/2021\/05\/178460828_286437296314158_22911693092535799_n-1.jpg&#8221; title_text=&#8221;178460828_286437296314158_22911693092535799_n&#8221; _builder_version=&#8221;4.9.4&#8243; _module_preset=&#8221;default&#8221;][\/et_pb_image][\/et_pb_column][et_pb_column type=&#8221;1_3&#8243; _builder_version=&#8221;4.9.4&#8243; _module_preset=&#8221;default&#8221;][et_pb_image src=&#8221;https:\/\/lanczkowscy.pl\/wp-content\/uploads\/2021\/05\/176956864_946835452777042_3201537696780059932_n.jpg&#8221; title_text=&#8221;176956864_946835452777042_3201537696780059932_n&#8221; _builder_version=&#8221;4.9.4&#8243; _module_preset=&#8221;default&#8221;][\/et_pb_image][et_pb_image src=&#8221;https:\/\/lanczkowscy.pl\/wp-content\/uploads\/2021\/05\/178436979_172765164713945_7122272007430678497_n.jpg&#8221; title_text=&#8221;178436979_172765164713945_7122272007430678497_n&#8221; _builder_version=&#8221;4.9.4&#8243; _module_preset=&#8221;default&#8221;][\/et_pb_image][\/et_pb_column][et_pb_column type=&#8221;1_3&#8243; _builder_version=&#8221;4.9.4&#8243; _module_preset=&#8221;default&#8221;][et_pb_image src=&#8221;https:\/\/lanczkowscy.pl\/wp-content\/uploads\/2021\/05\/177042618_196187245482768_7688741828660674076_n.jpg&#8221; title_text=&#8221;177042618_196187245482768_7688741828660674076_n&#8221; _builder_version=&#8221;4.9.4&#8243; _module_preset=&#8221;default&#8221;][\/et_pb_image][et_pb_image src=&#8221;https:\/\/lanczkowscy.pl\/wp-content\/uploads\/2021\/05\/177557663_762433361095337_1955744940586582608_n.jpg&#8221; title_text=&#8221;177557663_762433361095337_1955744940586582608_n&#8221; _builder_version=&#8221;4.9.4&#8243; _module_preset=&#8221;default&#8221;][\/et_pb_image][\/et_pb_column][\/et_pb_row][\/et_pb_section]<\/p>\n","protected":false},"excerpt":{"rendered":"<p>[et_pb_section fb_built=&#8221;1&#8243; admin_label=&#8221;Features&#8221; _builder_version=&#8221;3.22&#8243; custom_padding=&#8221;||9px|||&#8221; custom_width_px__hover=&#8221;1080px&#8221; custom_width_px__hover_enabled=&#8221;1080px&#8221; custom_width_percent__hover=&#8221;80%&#8221; custom_width_percent__hover_enabled=&#8221;80%&#8221; parallax_1__hover=&#8221;off&#8221; parallax_1__hover_enabled=&#8221;off&#8221; parallax_2__hover=&#8221;off&#8221; parallax_2__hover_enabled=&#8221;off&#8221; parallax_3__hover=&#8221;off&#8221; parallax_3__hover_enabled=&#8221;off&#8221; parallax_method_1__hover=&#8221;on&#8221; parallax_method_1__hover_enabled=&#8221;on&#8221; parallax_method_2__hover=&#8221;on&#8221; parallax_method_2__hover_enabled=&#8221;on&#8221; parallax_method_3__hover=&#8221;on&#8221; parallax_method_3__hover_enabled=&#8221;on&#8221; use_background_color_gradient__hover=&#8221;off&#8221; use_background_color_gradient__hover_enabled=&#8221;off&#8221; background_color_gradient_start__hover=&#8221;#2b87da&#8221; background_color_gradient_start__hover_enabled=&#8221;#2b87da&#8221; background_color_gradient_end__hover=&#8221;#29c4a9&#8243; background_color_gradient_end__hover_enabled=&#8221;#29c4a9&#8243; background_color_gradient_type__hover=&#8221;linear&#8221; background_color_gradient_type__hover_enabled=&#8221;linear&#8221; background_color_gradient_direction__hover=&#8221;180deg&#8221; background_color_gradient_direction__hover_enabled=&#8221;180deg&#8221; background_color_gradient_direction_radial__hover=&#8221;center&#8221; background_color_gradient_direction_radial__hover_enabled=&#8221;center&#8221; background_color_gradient_start_position__hover=&#8221;0%&#8221; background_color_gradient_start_position__hover_enabled=&#8221;0%&#8221; background_color_gradient_end_position__hover=&#8221;100%&#8221; background_color_gradient_end_position__hover_enabled=&#8221;100%&#8221; background_color_gradient_overlays_image__hover=&#8221;off&#8221; background_color_gradient_overlays_image__hover_enabled=&#8221;off&#8221; parallax__hover=&#8221;off&#8221; parallax__hover_enabled=&#8221;off&#8221; parallax_method__hover=&#8221;on&#8221; parallax_method__hover_enabled=&#8221;on&#8221; background_size__hover=&#8221;cover&#8221; background_size__hover_enabled=&#8221;cover&#8221; background_position__hover=&#8221;center&#8221; background_position__hover_enabled=&#8221;center&#8221; background_repeat__hover=&#8221;no-repeat&#8221; background_repeat__hover_enabled=&#8221;no-repeat&#8221; background_blend__hover=&#8221;normal&#8221; background_blend__hover_enabled=&#8221;normal&#8221; allow_player_pause__hover=&#8221;off&#8221; allow_player_pause__hover_enabled=&#8221;off&#8221; background_video_pause_outside_viewport__hover=&#8221;on&#8221; background_video_pause_outside_viewport__hover_enabled=&#8221;on&#8221; [&hellip;]<\/p>\n","protected":false},"author":1,"featured_media":0,"parent":0,"menu_order":0,"comment_status":"closed","ping_status":"closed","template":"","meta":{"_et_pb_use_builder":"on","_et_pb_old_content":"<!-- wp:divi\/placeholder \/-->","_et_gb_content_width":"","footnotes":""},"class_list":["post-34","page","type-page","status-publish","hentry"],"_links":{"self":[{"href":"https:\/\/lanczkowscy.pl\/index.php\/wp-json\/wp\/v2\/pages\/34","targetHints":{"allow":["GET"]}}],"collection":[{"href":"https:\/\/lanczkowscy.pl\/index.php\/wp-json\/wp\/v2\/pages"}],"about":[{"href":"https:\/\/lanczkowscy.pl\/index.php\/wp-json\/wp\/v2\/types\/page"}],"author":[{"embeddable":true,"href":"https:\/\/lanczkowscy.pl\/index.php\/wp-json\/wp\/v2\/users\/1"}],"replies":[{"embeddable":true,"href":"https:\/\/lanczkowscy.pl\/index.php\/wp-json\/wp\/v2\/comments?post=34"}],"version-history":[{"count":14,"href":"https:\/\/lanczkowscy.pl\/index.php\/wp-json\/wp\/v2\/pages\/34\/revisions"}],"predecessor-version":[{"id":210,"href":"https:\/\/lanczkowscy.pl\/index.php\/wp-json\/wp\/v2\/pages\/34\/revisions\/210"}],"wp:attachment":[{"href":"https:\/\/lanczkowscy.pl\/index.php\/wp-json\/wp\/v2\/media?parent=34"}],"curies":[{"name":"wp","href":"https:\/\/api.w.org\/{rel}","templated":true}]}}